{"id":11,"date":"2022-01-19T10:45:18","date_gmt":"2022-01-19T10:45:18","guid":{"rendered":"https:\/\/noisehangtechnika.hu\/?page_id=11"},"modified":"2022-01-26T12:52:42","modified_gmt":"2022-01-26T12:52:42","slug":"keszitse-el-webhelyet-blokkokkal","status":"publish","type":"page","link":"https:\/\/noisehangtechnika.hu\/","title":{"rendered":""},"content":{"rendered":"\n<div style=\"height:50px\" aria-hidden=\"true\" class=\"wp-block-spacer\"><\/div>\n\n\n\n<p class=\"has-text-align-center has-nv-text-dark-bg-color has-text-color\" style=\"font-size:24px\">A <strong>Noise Hangtechnika<\/strong> jelenlegi form\u00e1j\u00e1ban 2016. \u00f3ta m\u0171k\u00f6dik.<br>A v\u00e1llalkoz\u00e1s f\u0151tev\u00e9kenys\u00e9ge fesztiv\u00e1lok, v\u00e1rosi rendezv\u00e9nyek, falunapok, csal\u00e1di- \u00e9s bar\u00e1ti \u00f6sszej\u00f6vetelek hangos\u00edt\u00e1sa, valamint f\u00e9ny- \u00e9s sz\u00ednpadtechnikai eszk\u00f6z\u00f6k biztos\u00edt\u00e1sa.<\/p>\n\n\n\n<div style=\"height:40px\" aria-hidden=\"true\" class=\"wp-block-spacer\"><\/div>\n\n\n\n<p class=\"has-text-align-center has-nv-text-dark-bg-color has-text-color\" style=\"font-size:24px\"><strong>Tev\u00e9kenys\u00e9g\u00fcnkh\u00f6z tartozik tov\u00e1bb\u00e1 <\/strong><br><strong>eszk\u00f6zparkunk b\u00e9rbead\u00e1sa.<\/strong><\/p>\n\n\n\n<div style=\"height:30px\" aria-hidden=\"true\" class=\"wp-block-spacer\"><\/div>\n\n\n\n<p class=\"has-text-align-center has-text-color\" style=\"color:#fff200;font-size:30px\"><em><strong>K\u00e9rj\u00fck tekintse meg referenci\u00e1inkat \u00e9s vegye fel vel\u00fcnk a kapcsolatot!<\/strong><\/em><\/p>\n\n\n\n<div style=\"height:50px\" aria-hidden=\"true\" class=\"wp-block-spacer\"><\/div>\n\n\n\n<p class=\"has-text-align-center has-nv-text-dark-bg-color has-text-color\" style=\"font-size:24px\"><strong>Referenci\u00e1k<\/strong><br><br>2013 Hidasi B\u00e1ny\u00e1sznapok, Sugarloaf<strong><br><\/strong>2018, 2019 Madaras H\u00e9rics Fesztiv\u00e1l<br>2015 \u00f3ta Gerjeni Lovas Napok<br>2015 \u00f3ta minden \u00e9vben Tolna B\u00e1rka Fesztiv\u00e1l, Tolna V\u00e1ros Napja<br>2018 \u00f3ta minden Flipside<br>4 alkalommal Dunai Ny\u00e1ri T\u00e1bor<br>2016, 2017, 2018 H\u0151gy\u00e9sz Maj\u00e1lis<br>2019 Corvinus \u00d6csi B\u00e1l<br>2020 Corvinus G\u00f3lyab\u00e1l 3 sz\u00ednpad<br>R-Go<br>Keresztes Ildik\u00f3<br>Caramel<br>Partwish<br>Jolly \u00e9s suy<br>Ocho macho<br>Szab\u00f3 Bal\u00e1zs band\u00e1ja<br>Zanzib\u00e1r<br>G\u00e1sp\u00e1r Laci<br>Szab\u00f3 Gy\u0151z\u0151<br>Kelemen Kab\u00e1tban<br>Boban Markovic<br><\/p>\n\n\n\n<div style=\"height:50px\" aria-hidden=\"true\" class=\"wp-block-spacer\"><\/div>\n\n\n\n<div class=\"wp-block-media-text alignwide is-stacked-on-mobile\"><figure class=\"wp-block-media-text__media\"><img loading=\"lazy\" decoding=\"async\" width=\"896\" height=\"896\" src=\"http:\/\/noisehangtechnika.hu\/wp-content\/uploads\/2022\/01\/andris-2.jpg\" alt=\"\" class=\"wp-image-269 size-full\" srcset=\"https:\/\/noisehangtechnika.hu\/wp-content\/uploads\/2022\/01\/andris-2.jpg 896w, https:\/\/noisehangtechnika.hu\/wp-content\/uploads\/2022\/01\/andris-2-300x300.jpg 300w, https:\/\/noisehangtechnika.hu\/wp-content\/uploads\/2022\/01\/andris-2-150x150.jpg 150w, https:\/\/noisehangtechnika.hu\/wp-content\/uploads\/2022\/01\/andris-2-768x768.jpg 768w\" sizes=\"auto, (max-width: 896px) 100vw, 896px\" \/><\/figure><div class=\"wp-block-media-text__content\">\n<p class=\"has-text-align-center has-nv-text-dark-bg-color has-text-color\" style=\"font-size:28px\"><br><strong>Bemutatkoz\u00e1s<\/strong><\/p>\n\n\n\n<p class=\"has-text-align-center has-nv-text-dark-bg-color has-text-color\">Domokos Andr\u00e1s vagyok a <strong>Noise Hangtetchnika<\/strong> tulajdonosa.<br>A zene szeretete m\u00e1r eg\u00e9szen kis koromban megragadott, els\u0151 oszt\u00e1lyos korom \u00f3ta zen\u00e9lek, \u00f6t\u00f6dikes koromt\u00f3l kezdve pedig mint mindenki a sulibulik \u00e9s az iskolai rendezv\u00e9nyek lebonyol\u00edt\u00e1s\u00e1nak tev\u00e9keny r\u00e9szese voltam. Egyre ink\u00e1bb \u00e9rdekelt, hogy hogyan lehet min\u00e9l jobb min\u0151s\u00e9gben lebonyol\u00edtani a rendezv\u00e9nyeket \u00e9s ennek hat\u00e1s\u00e1ra v\u00e1s\u00e1roltam az els\u0151 technik\u00e1imat. Az igazi sz\u00ednpadi hangos\u00edt\u00e1s \u00e9s a technika rejtelmeibe egy bar\u00e1tom, Holik L\u00e1szl\u00f3 a Noise Hangtechnika alap\u00edt\u00f3ja vezetett be akit\u0151l k\u00e9s\u0151bb \u00e1tvettem a v\u00e1llalkoz\u00e1s ir\u00e1ny\u00edt\u00e1s\u00e1t.<br><br>2016-t\u00f3l m\u00e1r k\u00f6z\u00f6sen biztos\u00edtottuk sz\u00e1mos rendezv\u00e9ny, fesztiv\u00e1l, falunap \u00e9s esk\u00fcv\u0151 technikai h\u00e1tter\u00e9t.<br>A Noise Hangtechnika legfontosabb c\u00e9lkit\u0171z\u00e9se, hogy partnereit a lehet\u0151 legmagasabb min\u0151s\u00e9gben szolg\u00e1lja ki \u00e9s hossz\u00fat\u00e1v\u00fa kapcsolatokat tartsunk fenn partnereinkkel.<br>Ennek szellem\u00e9ben ismereteinket \u00e9s eszk\u00f6zparkunkat folyamatosan fejlesztj\u00fck, b\u0151v\u00edtj\u00fck a min\u0151s\u00e9g ir\u00e1nti kompromisszum mentes ig\u00e9nnyel.<br><br><em>Amennyiben szolg\u00e1ltat\u00e1saink felkeltett\u00e9k \u00e9rdekl\u0151d\u00e9s\u00e9t, v\u00e1rjuk megtisztel\u0151 jelentkez\u00e9s\u00e9t az al\u00e1bbi el\u00e9rhet\u0151s\u00e9g b\u00e1rmelyik\u00e9n.<\/em><br><\/p>\n<\/div><\/div>\n\n\n\n<div style=\"height:50px\" aria-hidden=\"true\" class=\"wp-block-spacer\"><\/div>\n\n\n\n<p class=\"has-text-align-center has-text-color\" style=\"color:#eeff00;font-size:24px\"><strong>KAPCSOLAT<\/strong><\/p>\n\n\n\n<p class=\"has-text-align-center has-nv-text-dark-bg-color has-text-color\" style=\"font-size:24px\"><strong>info@noisehangtechnika.hu<\/strong><br>+36 \/ 70 396 6922<\/p>\n\n\n\n<ul class=\"wp-block-social-links aligncenter has-large-icon-size is-layout-flex wp-block-social-links-is-layout-flex\"><li class=\"wp-social-link wp-social-link-facebook  wp-block-social-link\"><a rel=\"noopener nofollow\" target=\"_blank\" href=\"https:\/\/www.facebook.com\/domokos.andras\" class=\"wp-block-social-link-anchor\"><svg width=\"24\" height=\"24\" viewBox=\"0 0 24 24\" version=\"1.1\" xmlns=\"http:\/\/www.w3.org\/2000\/svg\" aria-hidden=\"true\" focusable=\"false\"><path d=\"M12 2C6.5 2 2 6.5 2 12c0 5 3.7 9.1 8.4 9.9v-7H7.9V12h2.5V9.8c0-2.5 1.5-3.9 3.8-3.9 1.1 0 2.2.2 2.2.2v2.5h-1.3c-1.2 0-1.6.8-1.6 1.6V12h2.8l-.4 2.9h-2.3v7C18.3 21.1 22 17 22 12c0-5.5-4.5-10-10-10z\"><\/path><\/svg><span class=\"wp-block-social-link-label screen-reader-text\">Facebook<\/span><\/a><\/li><\/ul>\n","protected":false},"excerpt":{"rendered":"<p>A Noise Hangtechnika jelenlegi form\u00e1j\u00e1ban 2016. \u00f3ta m\u0171k\u00f6dik.A v\u00e1llalkoz\u00e1s f\u0151tev\u00e9kenys\u00e9ge fesztiv\u00e1lok, v\u00e1rosi rendezv\u00e9nyek, falunapok, csal\u00e1di- \u00e9s bar\u00e1ti \u00f6sszej\u00f6vetelek hangos\u00edt\u00e1sa, valamint f\u00e9ny- \u00e9s sz\u00ednpadtechnikai eszk\u00f6z\u00f6k biztos\u00edt\u00e1sa. Tev\u00e9kenys\u00e9g\u00fcnkh\u00f6z tartozik tov\u00e1bb\u00e1 eszk\u00f6zparkunk b\u00e9rbead\u00e1sa. K\u00e9rj\u00fck tekintse meg referenci\u00e1inkat \u00e9s vegye fel vel\u00fcnk a kapcsolatot! Referenci\u00e1k 2013 Hidasi B\u00e1ny\u00e1sznapok, Sugarloaf2018, 2019 Madaras H\u00e9rics Fesztiv\u00e1l2015 \u00f3ta Gerjeni Lovas Napok2015 \u00f3ta minden&hellip;&nbsp;<a href=\"https:\/\/noisehangtechnika.hu\/\" class=\"\" rel=\"bookmark\">Read More &raquo;<span class=\"screen-reader-text\"><\/span><\/a><\/p>\n","protected":false},"author":1,"featured_media":0,"parent":0,"menu_order":0,"comment_status":"closed","ping_status":"closed","template":"","meta":{"neve_meta_sidebar":"default","neve_meta_container":"default","neve_meta_enable_content_width":"on","neve_meta_content_width":80,"neve_meta_title_alignment":"center","neve_meta_author_avatar":"","neve_post_elements_order":"","neve_meta_disable_header":"","neve_meta_disable_footer":"","neve_meta_disable_title":"","footnotes":""},"class_list":["post-11","page","type-page","status-publish","hentry"],"_links":{"self":[{"href":"https:\/\/noisehangtechnika.hu\/index.php?rest_route=\/wp\/v2\/pages\/11","targetHints":{"allow":["GET"]}}],"collection":[{"href":"https:\/\/noisehangtechnika.hu\/index.php?rest_route=\/wp\/v2\/pages"}],"about":[{"href":"https:\/\/noisehangtechnika.hu\/index.php?rest_route=\/wp\/v2\/types\/page"}],"author":[{"embeddable":true,"href":"https:\/\/noisehangtechnika.hu\/index.php?rest_route=\/wp\/v2\/users\/1"}],"replies":[{"embeddable":true,"href":"https:\/\/noisehangtechnika.hu\/index.php?rest_route=%2Fwp%2Fv2%2Fcomments&post=11"}],"version-history":[{"count":132,"href":"https:\/\/noisehangtechnika.hu\/index.php?rest_route=\/wp\/v2\/pages\/11\/revisions"}],"predecessor-version":[{"id":278,"href":"https:\/\/noisehangtechnika.hu\/index.php?rest_route=\/wp\/v2\/pages\/11\/revisions\/278"}],"wp:attachment":[{"href":"https:\/\/noisehangtechnika.hu\/index.php?rest_route=%2Fwp%2Fv2%2Fmedia&parent=11"}],"curies":[{"name":"wp","href":"https:\/\/api.w.org\/{rel}","templated":true}]}}